{"id":114803,"date":"2025-11-07T15:20:50","date_gmt":"2025-11-07T14:20:50","guid":{"rendered":"https:\/\/diselva.com\/?page_id=114803"},"modified":"2025-12-19T12:52:30","modified_gmt":"2025-12-19T11:52:30","slug":"leading-with-ai","status":"publish","type":"page","link":"https:\/\/diselva.com\/de\/leistungen-beratung\/leading-with-ai\/","title":{"rendered":"Leading with AI"},"content":{"rendered":"\n<div class=\"wp-block-group alignwide hero__subpages has-palette-color-7-background-color has-background is-layout-constrained wp-block-group-is-layout-constrained\" style=\"padding-bottom:var(--wp--preset--spacing--70)\">\n<h1 class=\"wp-block-heading alignwide\">Leading with AI &#8211; strategisch denken, wirksam umsetzen<\/h1>\n\n\n\n<div class=\"wp-block-group alignwide is-content-justification-left is-layout-constrained wp-container-core-group-is-layout-aa397865 wp-block-group-is-layout-constrained\">\n<p class=\"has-palette-color-1-color has-text-color has-link-color has-x-large-font-size wp-elements-f52dea861e46a03aaedb468700f54f99 wp-block-paragraph\">Mit dem <strong>diselva AI Excellence Framework<\/strong> begleiten wir Sie dabei, K\u00fcnstliche Intelligenz <strong>strategisch<\/strong> zu <strong>denken<\/strong>, <strong>wirksam<\/strong> <strong>umzusetzen<\/strong> und nachhaltig zu verankern.<\/p>\n\n\n\n<p class=\"has-palette-color-1-color has-text-color has-link-color wp-elements-3de702e5f68d89d23544eba71f43b775 wp-block-paragraph\">Der <strong>erfolgreiche Einsatz von AI<\/strong> beginnt mit einer klaren Strategie und endet mit greifbaren Ergebnissen. Unser Vorgehen verbindet strategisches Denken mit praxisnaher Umsetzung. Mit unserem <strong>interdisziplin\u00e4ren Ansatz<\/strong> brechen wir technische und organisatorische Silos auf, um innovative, nachhaltige L\u00f6sungen zu schaffen, die echten Mehrwert f\u00fcr Ihre Organisation und Ihre Kunden bringen.<br>Erfahren Sie, wie Sie <strong>mit AI<\/strong> nicht nur Trends folgen, sondern <strong>Zukunft gestalten<\/strong>, strategisch durchdacht, wirksam umgesetzt.<\/p>\n\n\n\n<p class=\"has-palette-color-1-color has-text-color has-link-color wp-elements-4fb37f2d3363df1d37f67c20e9144d89 wp-block-paragraph\"><\/p>\n\n\n\n<div class=\"wp-block-buttons is-layout-flex wp-block-buttons-is-layout-flex\">\n<div class=\"wp-block-button\"><a class=\"wp-block-button__link wp-element-button\" href=\"https:\/\/diselva.com\/de\/kontakt\/\">Kontakt aufnehmen<\/a><\/div>\n<\/div>\n<\/div>\n\n\n\n<figure class=\"wp-block-image alignwide size-full\"><img data-recalc-dims=\"1\" loading=\"lazy\" decoding=\"async\" width=\"1360\" height=\"564\" src=\"https:\/\/i0.wp.com\/diselva.com\/wp-content\/uploads\/2025\/12\/diselva-ai-excellence-framework.png?resize=1360%2C564&#038;quality=78&#038;ssl=1\" alt=\"diselva AI Excellence Framework\" class=\"wp-image-115319\" srcset=\"https:\/\/i0.wp.com\/diselva.com\/wp-content\/uploads\/2025\/12\/diselva-ai-excellence-framework.png?w=2048&amp;quality=78&amp;ssl=1 2048w, https:\/\/i0.wp.com\/diselva.com\/wp-content\/uploads\/2025\/12\/diselva-ai-excellence-framework.png?resize=1024%2C425&amp;quality=78&amp;ssl=1 1024w, https:\/\/i0.wp.com\/diselva.com\/wp-content\/uploads\/2025\/12\/diselva-ai-excellence-framework.png?resize=400%2C166&amp;quality=78&amp;ssl=1 400w, https:\/\/i0.wp.com\/diselva.com\/wp-content\/uploads\/2025\/12\/diselva-ai-excellence-framework.png?resize=768%2C319&amp;quality=78&amp;ssl=1 768w, https:\/\/i0.wp.com\/diselva.com\/wp-content\/uploads\/2025\/12\/diselva-ai-excellence-framework.png?resize=1536%2C638&amp;quality=78&amp;ssl=1 1536w\" sizes=\"auto, (max-width: 1360px) 100vw, 1360px\" \/><\/figure>\n<\/div>\n\n\n\n<div class=\"wp-block-group alignfull accordion__horizontal has-palette-color-3-background-color has-background is-layout-constrained wp-container-core-group-is-layout-00c7b98b wp-block-group-is-layout-constrained\" style=\"padding-top:0;padding-right:0;padding-bottom:0;padding-left:0\">\n<div class=\"wp-block-essential-blocks-accordion alignwide  root-eb-accordion-e74al\"><div class=\"eb-parent-wrapper eb-parent-eb-accordion-e74al \"><div class=\"eb-accordion-container eb-accordion-e74al eb-accordion-type-horizontal eb-accordion-bottom-top\" data-accordion-type=\"horizontal\" data-tab-icon=\"fas fa-plus\" data-expanded-icon=\"fas fa-minus\" data-transition-duration=\"500\"><div class=\"eb-accordion-inner\">\n<div class=\"wp-block-essential-blocks-accordion-item eb-accordion-item-a6dmj eb-accordion-wrapper\" data-clickable=\"true\"><div class=\"eb-accordion-title-wrapper eb-accordion-title-wrapper-eb-accordion-e74al eb-accordion-horizontal-enable\" tabindex=\"0\"><span class=\"eb-accordion-icon-wrapper eb-accordion-icon-wrapper-eb-accordion-e74al\"><span class=\"fas fa-plus eb-accordion-icon\"><\/span><\/span><div class=\"eb-accordion-title-content-wrap title-content-eb-accordion-e74al\"><p class=\"eb-accordion-title\">Ganzheitlich denken<\/p><\/div><\/div><div class=\"eb-accordion-content-wrapper eb-accordion-content-wrapper-eb-accordion-e74al\"><div class=\"eb-accordion-content\">\n\n<h2 class=\"wp-block-heading\" style=\"margin-top:var(--wp--preset--spacing--60)\">AI strategisch verstehen und gezielt einsetzen<\/h2>\n\n\n<div class=\"wp-block-group is-layout-constrained wp-container-core-group-is-layout-97f67b25 wp-block-group-is-layout-constrained\" style=\"padding-top:var(--wp--preset--spacing--60);padding-right:0;padding-left:0\">\n\n<p class=\"has-palette-color-1-color has-text-color has-link-color wp-elements-72521f7fea39d987ee0f239b7d91b09a wp-block-paragraph\">Erfolgreiche AI-Initiativen beginnen mit einer <strong>klaren strategischen Ausrichtung<\/strong>. Wir unterst\u00fctzen Sie dabei, das Potenzial von AI f\u00fcr Ihre Organisation zu erkennen, Priorit\u00e4ten zu setzen und die richtigen Schritte zu planen. Dabei verbinden wir Ihre Ziele, Ihre Datenstrategie und Ihre Enterprise Architektur zu einer gemeinsamen Vision f\u00fcr messbare Wirkung und nachhaltigen Erfolg.<\/p>\n\n<\/div>\n\n<\/div><\/div><\/div>\n\n\n\n<div class=\"wp-block-essential-blocks-accordion-item eb-accordion-item-2e8vx eb-accordion-wrapper\" data-clickable=\"false\"><div class=\"eb-accordion-title-wrapper eb-accordion-title-wrapper-eb-accordion-e74al eb-accordion-horizontal-enable\" tabindex=\"0\"><span class=\"eb-accordion-icon-wrapper eb-accordion-icon-wrapper-eb-accordion-e74al\"><span class=\"fas fa-plus eb-accordion-icon\"><\/span><\/span><div class=\"eb-accordion-title-content-wrap title-content-eb-accordion-e74al\"><p class=\"eb-accordion-title\">Entdecken &#038; Bewerten<\/p><\/div><\/div><div class=\"eb-accordion-content-wrapper eb-accordion-content-wrapper-eb-accordion-e74al\"><div class=\"eb-accordion-content\">\n\n<h2 class=\"wp-block-heading\" style=\"margin-top:var(--wp--preset--spacing--60)\">Von der Idee zum passenden Use Case<\/h2>\n\n\n<div class=\"wp-block-group is-layout-constrained wp-container-core-group-is-layout-97f67b25 wp-block-group-is-layout-constrained\" style=\"padding-top:var(--wp--preset--spacing--60);padding-right:0;padding-left:0\">\n\n<p class=\"has-palette-color-1-color has-text-color has-link-color wp-elements-d47beffa441b371f72605dfa4b9df6d6 wp-block-paragraph\">Wir helfen Ihnen, neue AI-M\u00f6glichkeiten in Ihrer Organisation sichtbar zu machen und <strong>konkrete Anwendungsf\u00e4lle<\/strong> zu entwickeln. Gemeinsam pr\u00fcfen wir diese hinsichtlich Nutzen, Datenlage und Umsetzbarkeit, damit Sie eine fundierte <strong>Entscheidungsgrundlage f\u00fcr gezielte Investitionen<\/strong> und wirkungsvolle Projekte erhalten.<\/p>\n\n<\/div>\n\n<\/div><\/div><\/div>\n\n\n\n<div class=\"wp-block-essential-blocks-accordion-item eb-accordion-item-1gbny eb-accordion-wrapper\" data-clickable=\"false\"><div class=\"eb-accordion-title-wrapper eb-accordion-title-wrapper-eb-accordion-e74al eb-accordion-horizontal-enable\" tabindex=\"0\"><span class=\"eb-accordion-icon-wrapper eb-accordion-icon-wrapper-eb-accordion-e74al\"><span class=\"fas fa-plus eb-accordion-icon\"><\/span><\/span><div class=\"eb-accordion-title-content-wrap title-content-eb-accordion-e74al\"><p class=\"eb-accordion-title\">Erproben &#038; Umsetzen<\/p><\/div><\/div><div class=\"eb-accordion-content-wrapper eb-accordion-content-wrapper-eb-accordion-e74al\"><div class=\"eb-accordion-content\">\n\n<h2 class=\"wp-block-heading\" style=\"margin-top:var(--wp--preset--spacing--60)\">Mit Prototypen praxisnah vorankommen<\/h2>\n\n\n<div class=\"wp-block-group is-layout-constrained wp-container-core-group-is-layout-97f67b25 wp-block-group-is-layout-constrained\" style=\"padding-top:var(--wp--preset--spacing--60);padding-right:0;padding-left:0\">\n\n<p class=\"has-palette-color-1-color has-text-color has-link-color wp-elements-7a081893038a1ae18f96def4f143575e wp-block-paragraph\">Wir begleiten Sie dabei, innovative AI-Ideen schnell in <strong>greifbare Prototypen<\/strong> zu \u00fcberf\u00fchren. Diese werden i<strong>n Ihrer Praxis getestet<\/strong>, ausgewertet und Schritt f\u00fcr Schritt verfeinert. So entstehen L\u00f6sungen, die nicht nur \u00fcberzeugen, sondern <strong>echten Mehrwert<\/strong> f\u00fcr Ihre Organisation schaffen.<\/p>\n\n<\/div>\n\n<\/div><\/div><\/div>\n\n\n\n<div class=\"wp-block-essential-blocks-accordion-item eb-accordion-item-lkelb eb-accordion-wrapper\" data-clickable=\"false\"><div class=\"eb-accordion-title-wrapper eb-accordion-title-wrapper-eb-accordion-e74al eb-accordion-horizontal-enable\" tabindex=\"0\"><span class=\"eb-accordion-icon-wrapper eb-accordion-icon-wrapper-eb-accordion-e74al\"><span class=\"fas fa-plus eb-accordion-icon\"><\/span><\/span><div class=\"eb-accordion-title-content-wrap title-content-eb-accordion-e74al\"><p class=\"eb-accordion-title\">Skalieren &#038; Weiterentwickeln<\/p><\/div><\/div><div class=\"eb-accordion-content-wrapper eb-accordion-content-wrapper-eb-accordion-e74al\"><div class=\"eb-accordion-content\">\n\n<h2 class=\"wp-block-heading\" style=\"margin-top:var(--wp--preset--spacing--60)\">Nachhaltig verankern und kontinuierlich optimieren<\/h2>\n\n\n<div class=\"wp-block-group is-layout-constrained wp-container-core-group-is-layout-97f67b25 wp-block-group-is-layout-constrained\" style=\"padding-top:var(--wp--preset--spacing--60);padding-right:0;padding-left:0\">\n\n<p class=\"has-palette-color-1-color has-text-color has-link-color wp-elements-64eb400ed2e1acb31241ee35e8b76c11 wp-block-paragraph\">Nach dem erfolgreichen Start unterst\u00fctzen wir Sie bei der <strong>Integration und Skalierung<\/strong> Ihrer AI-L\u00f6sungen. Wir sorgen f\u00fcr klare<strong> Governance<\/strong>, effiziente Strukturen und eine <strong>fortlaufende Weiterentwicklung<\/strong>, damit Ihre Organisation langfristig von den Chancen der K\u00fcnstlichen Intelligenz profitiert.<\/p>\n\n<\/div>\n\n<\/div><\/div><\/div>\n<\/div><\/div><\/div><\/div>\n<\/div>\n\n\n\n<div class=\"wp-block-group alignfull section__highlight--white has-palette-color-7-background-color has-background is-layout-constrained wp-block-group-is-layout-constrained\" style=\"padding-top:var(--wp--preset--spacing--80);padding-bottom:0\">\n<div class=\"wp-block-group is-layout-constrained wp-block-group-is-layout-constrained\">\n<h2 class=\"wp-block-heading\">Expertenartikel und Einblicke<\/h2>\n<\/div>\n<\/div>\n\n\n\n<div class=\"wp-block-group alignwide is-layout-constrained wp-block-group-is-layout-constrained\" style=\"padding-bottom:var(--wp--preset--spacing--80)\">\n<div data-id=\"85abaec1\" class=\"wp-block-blocksy-query alignwide carousel__expert-articles\" style=\"border-radius:0px;padding-right:0;padding-bottom:var(--wp--preset--spacing--80);padding-left:0\"><div class=\"ct-query-template is-layout-slider\"><div class=\"flexy-container\" data-flexy=\"no\"><div class=\"flexy\"><div class=\"flexy-view\" data-flexy-view=\"boxed\"><div class=\"flexy-items\" data-height=\"dynamic\"><div class=\"flexy-item\"><article class=\"wp-block-post is-layout-flow post-114610 post type-post status-publish format-standard has-post-thumbnail hentry category-enterprise-architect-solution-architect category-enterprise-architecture category-expertenartikel category-leading-with-ai category-software-data-architect-technology-lead category-solution-software-architecture thema-enterprise-solution-architektur\">\n\n<div class=\"wp-block-group carousel__expert-articles--tile has-border-color has-palette-color-8-border-color is-content-justification-left is-layout-constrained wp-container-core-group-is-layout-67e99164 wp-block-group-is-layout-constrained\" style=\"border-width:1px;min-height:100%;padding-top:var(--wp--preset--spacing--40);padding-right:var(--wp--preset--spacing--40);padding-bottom:var(--wp--preset--spacing--40);padding-left:var(--wp--preset--spacing--40)\"><div style=\"border-radius:0px; margin-bottom:5px;\" class=\"ct-dynamic-data wp-elements-eb7bea9c7c8d6631f6ad8f4023d9225e wp-elements-c6c7aae44e72b453676c7353afa4dd4a has-small-font-size\"><a href=\"https:\/\/diselva.com\/de\/blog\/author\/\">Bernd Jansen<\/a><\/div>\n\n<h3 style=\"margin-top:var(--wp--preset--spacing--30);margin-bottom:var(--wp--preset--spacing--30);\" class=\"ct-dynamic-data wp-elements-a2c280b83f8278fadfa9f2ee8166fbf3 wp-elements-f0b8dce5addfc7c030a1ffbb31009916 has-large-font-size\"><a href=\"https:\/\/diselva.com\/de\/blog\/enterprise-architecture-im-ai-zeitalter-vom-zielbild-zum-lernenden-system\/\">Enterprise Architecture im AI-Zeitalter: Vom Zielbild zum lernenden System<\/a><\/h3>\n\n<p style=\"line-height:1.1; margin-bottom:var(--wp--preset--spacing--40);margin-top:var(--wp--preset--spacing--30);\" class=\"ct-dynamic-data has-medium-font-size\">Kaum ein technologischer Trend hat die Rolle der Enterprise Architektur (EA) so stark herausgefordert wie die K\u00fcnstliche Intelligenz. Was bisher\u2026<\/p>\n\n<a class=\"wp-elements-3a7756b24b575c694ea088a7d9529d08 wp-block-read-more has-text-color has-palette-color-1-color has-small-font-size\" href=\"https:\/\/diselva.com\/de\/blog\/enterprise-architecture-im-ai-zeitalter-vom-zielbild-zum-lernenden-system\/\" target=\"_self\">lesen<span class=\"screen-reader-text\">: Enterprise Architecture im AI-Zeitalter: Vom Zielbild zum lernenden System<\/span><\/a><\/div>\n\n<\/article><\/div><div class=\"flexy-item\"><article class=\"wp-block-post is-layout-flow post-114602 post type-post status-publish format-standard has-post-thumbnail hentry category-enterprise-architect-solution-architect category-enterprise-architecture category-expertenartikel category-leading-with-ai category-software-data-architect-technology-lead category-solution-software-architecture thema-enterprise-solution-architektur\">\n\n<div class=\"wp-block-group carousel__expert-articles--tile has-border-color has-palette-color-8-border-color is-content-justification-left is-layout-constrained wp-container-core-group-is-layout-67e99164 wp-block-group-is-layout-constrained\" style=\"border-width:1px;min-height:100%;padding-top:var(--wp--preset--spacing--40);padding-right:var(--wp--preset--spacing--40);padding-bottom:var(--wp--preset--spacing--40);padding-left:var(--wp--preset--spacing--40)\"><div style=\"border-radius:0px; margin-bottom:5px;\" class=\"ct-dynamic-data wp-elements-eb7bea9c7c8d6631f6ad8f4023d9225e wp-elements-c6c7aae44e72b453676c7353afa4dd4a has-small-font-size\"><a href=\"https:\/\/diselva.com\/de\/blog\/author\/\">Bernd Jansen<\/a><\/div>\n\n<h3 style=\"margin-top:var(--wp--preset--spacing--30);margin-bottom:var(--wp--preset--spacing--30);\" class=\"ct-dynamic-data wp-elements-a2c280b83f8278fadfa9f2ee8166fbf3 wp-elements-f0b8dce5addfc7c030a1ffbb31009916 has-large-font-size\"><a href=\"https:\/\/diselva.com\/de\/blog\/wenn-ai-teil-des-teams-wird-business-architecture-fuer-eine-neue-realitaet\/\">Wenn AI Teil des Teams wird: Business Architecture f\u00fcr eine neue Realit\u00e4t<\/a><\/h3>\n\n<p style=\"line-height:1.1; margin-bottom:var(--wp--preset--spacing--40);margin-top:var(--wp--preset--spacing--30);\" class=\"ct-dynamic-data has-medium-font-size\">Business Architects stehen vor einem Umbruch. Lange Zeit waren Wertsch\u00f6pfungsketten linear, Prozesse stabil und Entscheidungswege klar definiert. Doch diese Welt\u2026<\/p>\n\n<a class=\"wp-elements-3a7756b24b575c694ea088a7d9529d08 wp-block-read-more has-text-color has-palette-color-1-color has-small-font-size\" href=\"https:\/\/diselva.com\/de\/blog\/wenn-ai-teil-des-teams-wird-business-architecture-fuer-eine-neue-realitaet\/\" target=\"_self\">lesen<span class=\"screen-reader-text\">: Wenn AI Teil des Teams wird: Business Architecture f\u00fcr eine neue Realit\u00e4t<\/span><\/a><\/div>\n\n<\/article><\/div><div class=\"flexy-item\"><article class=\"wp-block-post is-layout-flow post-114795 post type-post status-publish format-standard has-post-thumbnail hentry category-digitale-transformation-strategie category-expertenartikel category-it-strategie category-leading-with-ai category-news\">\n\n<div class=\"wp-block-group carousel__expert-articles--tile has-border-color has-palette-color-8-border-color is-content-justification-left is-layout-constrained wp-container-core-group-is-layout-67e99164 wp-block-group-is-layout-constrained\" style=\"border-width:1px;min-height:100%;padding-top:var(--wp--preset--spacing--40);padding-right:var(--wp--preset--spacing--40);padding-bottom:var(--wp--preset--spacing--40);padding-left:var(--wp--preset--spacing--40)\"><div style=\"border-radius:0px; margin-bottom:5px;\" class=\"ct-dynamic-data wp-elements-eb7bea9c7c8d6631f6ad8f4023d9225e wp-elements-c6c7aae44e72b453676c7353afa4dd4a has-small-font-size\"><a href=\"https:\/\/diselva.com\/de\/blog\/author\/\">Markus Heer<\/a><\/div>\n\n<h3 style=\"margin-top:var(--wp--preset--spacing--30);margin-bottom:var(--wp--preset--spacing--30);\" class=\"ct-dynamic-data wp-elements-a2c280b83f8278fadfa9f2ee8166fbf3 wp-elements-f0b8dce5addfc7c030a1ffbb31009916 has-large-font-size\"><a href=\"https:\/\/diselva.com\/de\/blog\/leading-with-ai-wirksam-umsetzen\/\">Leading with AI &#8211; wirksam umsetzen<\/a><\/h3>\n\n<p style=\"line-height:1.1; margin-bottom:var(--wp--preset--spacing--40);margin-top:var(--wp--preset--spacing--30);\" class=\"ct-dynamic-data has-medium-font-size\">Im ersten Teil der Blog-Serie \u00abLeading with AI &#8211; strategisch denken, wirksam umsetzen\u00bb haben wir das diselva AI Excellence Framework\u2026<\/p>\n\n<a class=\"wp-elements-3a7756b24b575c694ea088a7d9529d08 wp-block-read-more has-text-color has-palette-color-1-color has-small-font-size\" href=\"https:\/\/diselva.com\/de\/blog\/leading-with-ai-wirksam-umsetzen\/\" target=\"_self\">lesen<span class=\"screen-reader-text\">: Leading with AI &#8211; wirksam umsetzen<\/span><\/a><\/div>\n\n<\/article><\/div><div class=\"flexy-item\"><article class=\"wp-block-post is-layout-flow post-114789 post type-post status-publish format-standard has-post-thumbnail hentry category-digitale-transformation-strategie category-expertenartikel category-it-strategie category-leading-with-ai category-news\">\n\n<div class=\"wp-block-group carousel__expert-articles--tile has-border-color has-palette-color-8-border-color is-content-justification-left is-layout-constrained wp-container-core-group-is-layout-67e99164 wp-block-group-is-layout-constrained\" style=\"border-width:1px;min-height:100%;padding-top:var(--wp--preset--spacing--40);padding-right:var(--wp--preset--spacing--40);padding-bottom:var(--wp--preset--spacing--40);padding-left:var(--wp--preset--spacing--40)\"><div style=\"border-radius:0px; margin-bottom:5px;\" class=\"ct-dynamic-data wp-elements-eb7bea9c7c8d6631f6ad8f4023d9225e wp-elements-c6c7aae44e72b453676c7353afa4dd4a has-small-font-size\"><a href=\"https:\/\/diselva.com\/de\/blog\/author\/\">Markus Heer<\/a><\/div>\n\n<h3 style=\"margin-top:var(--wp--preset--spacing--30);margin-bottom:var(--wp--preset--spacing--30);\" class=\"ct-dynamic-data wp-elements-a2c280b83f8278fadfa9f2ee8166fbf3 wp-elements-f0b8dce5addfc7c030a1ffbb31009916 has-large-font-size\"><a href=\"https:\/\/diselva.com\/de\/blog\/leading-with-ai-strategisch-denken\/\">Leading with AI &#8211; strategisch denken<\/a><\/h3>\n\n<p style=\"line-height:1.1; margin-bottom:var(--wp--preset--spacing--40);margin-top:var(--wp--preset--spacing--30);\" class=\"ct-dynamic-data has-medium-font-size\">K\u00fcnstliche Intelligenz respektive Artificial Intelligence (AI) ist eines der aktuell wichtigsten Themen im Rahmen der digitalen Transformation. Der erfolgreiche Einsatz\u2026<\/p>\n\n<a class=\"wp-elements-3a7756b24b575c694ea088a7d9529d08 wp-block-read-more has-text-color has-palette-color-1-color has-small-font-size\" href=\"https:\/\/diselva.com\/de\/blog\/leading-with-ai-strategisch-denken\/\" target=\"_self\">lesen<span class=\"screen-reader-text\">: Leading with AI &#8211; strategisch denken<\/span><\/a><\/div>\n\n<\/article><\/div><\/div><\/div><span class=\"flexy-arrow-prev\" data-position=\"outside\"><svg width=\"16\" height=\"10\" fill=\"currentColor\" viewBox=\"0 0 16 10\"><path d=\"M15.3 4.3h-13l2.8-3c.3-.3.3-.7 0-1-.3-.3-.6-.3-.9 0l-4 4.2-.2.2v.6c0 .1.1.2.2.2l4 4.2c.3.4.6.4.9 0 .3-.3.3-.7 0-1l-2.8-3h13c.2 0 .4-.1.5-.2s.2-.3.2-.5-.1-.4-.2-.5c-.1-.1-.3-.2-.5-.2z\"><\/path><\/svg><\/span>\n\t\t\t\t\t\t\t\t<span class=\"flexy-arrow-next\" data-position=\"outside\"><svg width=\"16\" height=\"10\" fill=\"currentColor\" viewBox=\"0 0 16 10\"><path d=\"M.2 4.5c-.1.1-.2.3-.2.5s.1.4.2.5c.1.1.3.2.5.2h13l-2.8 3c-.3.3-.3.7 0 1 .3.3.6.3.9 0l4-4.2.2-.2V5v-.3c0-.1-.1-.2-.2-.2l-4-4.2c-.3-.4-.6-.4-.9 0-.3.3-.3.7 0 1l2.8 3H.7c-.2 0-.4.1-.5.2z\"><\/path><\/svg><\/span><\/div><\/div><\/div><style>[data-id='85abaec1'] {--grid-columns-width:25%;} [data-id='85abaec1'] [data-flexy*=\"no\"] .flexy-item:nth-child(n + 5) {height:1px;}@media (max-width: 999.98px) {[data-id='85abaec1'] {--grid-columns-width:50%;} [data-id='85abaec1'] [data-flexy*=\"no\"] .flexy-item:nth-child(n + 3) {height:1px;}}@media (max-width: 689.98px) {[data-id='85abaec1'] {--grid-columns-width:100%;} [data-id='85abaec1'] [data-flexy*=\"no\"] .flexy-item:nth-child(n + 2) {height:1px;}}<\/style><\/div>\n<\/div>\n","protected":false},"excerpt":{"rendered":"<p>Leading with AI &#8211; strategisch denken, wirksam umsetzen Mit dem diselva AI Excellence Framework begleiten wir Sie dabei, K\u00fcnstliche Intelligenz strategisch zu denken, wirksam umzusetzen und nachhaltig zu verankern. Der erfolgreiche Einsatz von AI beginnt mit einer klaren Strategie und endet mit greifbaren Ergebnissen. Unser Vorgehen verbindet strategisches Denken mit praxisnaher Umsetzung. Mit unserem interdisziplin\u00e4ren [&hellip;]<\/p>\n","protected":false},"author":268896781,"featured_media":110821,"parent":1,"menu_order":0,"comment_status":"closed","ping_status":"closed","template":"","meta":{"_acf_changed":false,"_eb_attr":"","_crdt_document":"","advanced_seo_description":"","jetpack_seo_html_title":"","jetpack_seo_noindex":false,"footnotes":""},"folder":[1929],"class_list":["post-114803","page","type-page","status-publish","has-post-thumbnail","hentry"],"blocksy_meta":[],"acf":[],"jetpack_sharing_enabled":true,"_links":{"self":[{"href":"https:\/\/diselva.com\/de\/wp-json\/wp\/v2\/pages\/114803","targetHints":{"allow":["GET"]}}],"collection":[{"href":"https:\/\/diselva.com\/de\/wp-json\/wp\/v2\/pages"}],"about":[{"href":"https:\/\/diselva.com\/de\/wp-json\/wp\/v2\/types\/page"}],"author":[{"embeddable":true,"href":"https:\/\/diselva.com\/de\/wp-json\/wp\/v2\/users\/268896781"}],"replies":[{"embeddable":true,"href":"https:\/\/diselva.com\/de\/wp-json\/wp\/v2\/comments?post=114803"}],"version-history":[{"count":20,"href":"https:\/\/diselva.com\/de\/wp-json\/wp\/v2\/pages\/114803\/revisions"}],"predecessor-version":[{"id":115321,"href":"https:\/\/diselva.com\/de\/wp-json\/wp\/v2\/pages\/114803\/revisions\/115321"}],"up":[{"embeddable":true,"href":"https:\/\/diselva.com\/de\/wp-json\/wp\/v2\/pages\/1"}],"wp:featuredmedia":[{"embeddable":true,"href":"https:\/\/diselva.com\/de\/wp-json\/wp\/v2\/media\/110821"}],"wp:attachment":[{"href":"https:\/\/diselva.com\/de\/wp-json\/wp\/v2\/media?parent=114803"}],"wp:term":[{"taxonomy":"folder","embeddable":true,"href":"https:\/\/diselva.com\/de\/wp-json\/wp\/v2\/folder?post=114803"}],"curies":[{"name":"wp","href":"https:\/\/api.w.org\/{rel}","templated":true}]}}