{"id":163,"date":"2025-07-21T10:45:27","date_gmt":"2025-07-21T08:45:27","guid":{"rendered":"https:\/\/diselva.com\/?page_id=163"},"modified":"2025-11-07T13:28:02","modified_gmt":"2025-11-07T12:28:02","slug":"datenschutz","status":"publish","type":"page","link":"https:\/\/diselva.com\/de\/datenschutz\/","title":{"rendered":"Datenschutz"},"content":{"rendered":"\n<p class=\"wp-block-paragraph\"><strong>Stand: Juli 2025<\/strong><\/p>\n\n\n\n<h4 class=\"wp-block-heading\">Ihre Daten sind bei uns sicher aufgehoben<\/h4>\n\n\n\n<p class=\"wp-block-paragraph\">Es ist selbstverst\u00e4ndlich f\u00fcr uns, dass wir mit Ihren Daten verantwortungsvoll umgehen und dabei alle einschl\u00e4gigen Bestimmungen des europ\u00e4ischen und Schweizer Datenschutzrechts ber\u00fccksichtigen. Personenbezogene Daten werden auf dieser Website nur im technisch notwendigen Umfang erhoben. In keinem Fall werden die erhobenen Daten verkauft oder aus anderen Gr\u00fcnden an Dritte weitergegeben.<\/p>\n\n\n\n<p class=\"wp-block-paragraph\">F\u00fcr die Bearbeitung Ihrer Personendaten gem\u00e4ss dieser Datenschutzerkl\u00e4rung ist die <strong>Diselva AG<\/strong> verantwortlich.<\/p>\n\n\n\n<p class=\"wp-block-paragraph\">Im Folgenden geben wir Ihnen einen \u00dcberblick dar\u00fcber, wie wir diesen Schutz gew\u00e4hrleisten und welche Art von Daten zu welchem Zweck erhoben werden.<\/p>\n\n\n\n<h4 class=\"wp-block-heading\">Personenbezogene Daten<\/h4>\n\n\n\n<p class=\"wp-block-paragraph\">Personenbezogene Daten stellen Informationen dar, die sich direkt oder indirekt auf identifizierbare oder nicht identifizierbare nat\u00fcrliche Personen beziehen. Dies k\u00f6nnen in Ihrem Fall zum Beispiel Ihr Name, Ihre E-Mail-Adresse oder Ihre Telefonnummer sein.<\/p>\n\n\n\n<h4 class=\"wp-block-heading\">Zweckgebundene Datenverwendung<\/h4>\n\n\n\n<p class=\"wp-block-paragraph\">Wir beachten den Grundsatz der zweckgebundenen Datenverwendung und erheben, verarbeiten und speichern Ihre personenbezogenen Daten nur f\u00fcr die Zwecke, f\u00fcr die Sie sie uns mitgeteilt haben. Eine Weitergabe Ihrer pers\u00f6nlichen Daten an Dritte erfolgt ohne Ihre ausdr\u00fcckliche Einwilligung nicht, sofern dies nicht zur Erbringung der Dienstleistung oder zur Vertragsdurchf\u00fchrung notwendig ist. Auch die \u00dcbermittlung an auskunftsberechtigte staatliche Institutionen und Beh\u00f6rden erfolgt nur im Rahmen der gesetzlichen Auskunftspflichten oder wenn wir durch eine gerichtliche Entscheidung zur Auskunft verpflichtet werden.<\/p>\n\n\n\n<h4 class=\"wp-block-heading\">Kinder<\/h4>\n\n\n\n<p class=\"wp-block-paragraph\">Kinder (bis zum vollendeten 18. Lebensjahr) sollen ohne Einwilligung der Eltern oder der Aufsichtsperson keine personenbezogenen Daten an uns \u00fcbermitteln. Wir legen allen Eltern und Aufsichtspersonen nahe, ihre Kinder in den sicheren und verantwortungsbewussten Umgang mit personenbezogenen Daten im Internet einzuweisen. Wir werden jedenfalls nicht wissentlich personenbezogene Daten von Kindern sammeln oder in irgendeiner Weise verwenden oder Dritten gegen\u00fcber offenlegen.<\/p>\n\n\n\n<h4 class=\"wp-block-heading\">Umfang der Datenerhebung und Datenspeicherung<\/h4>\n\n\n\n<p class=\"wp-block-paragraph\">Das Hinterlassen von pers\u00f6nlichen Daten ist bei einem Besuch auf unserer Website grunds\u00e4tzlich nicht erforderlich. Wir erfassen Ihre personenbezogenen Daten auf zwei Arten: (1) indirekt (zum Beispiel durch die Technologie unserer Webseite) und (2) direkt (wenn Sie uns zum Beispiel eine E-Mail schreiben oder wir mit Ihnen einen Vertrag schliessen).<\/p>\n\n\n\n<h3 class=\"wp-block-heading\">Indirekte Datenerhebung<\/h3>\n\n\n\n<h4 class=\"wp-block-heading\">Hosting &amp; Server-Logdateien<\/h4>\n\n\n\n<p class=\"wp-block-paragraph\">Unsere Website wird auf der Infrastruktur von <strong>WordPress.com<\/strong> gehostet, einem Dienst von <strong>Automattic Inc.<\/strong> (60 29th Street #343, San Francisco, CA 94110, USA).<\/p>\n\n\n\n<p class=\"wp-block-paragraph\">Beim Besuch unserer Website erheben und speichern die Server von Automattic automatisch Informationen in sogenannten Server-Logdateien, die Ihr Browser \u00fcbermittelt. Diese Daten umfassen:<\/p>\n\n\n\n<ul class=\"wp-block-list\">\n<li>verwendeter Browsertyp\/-version und Betriebssystem<\/li>\n\n\n\n<li>Referrer URL (die zuvor besuchte Seite)<\/li>\n\n\n\n<li>Uhrzeit und Datum der Serveranfrage<\/li>\n\n\n\n<li>verwendete IP-Adresse<\/li>\n<\/ul>\n\n\n\n<p class=\"wp-block-paragraph\">Diese Speicherung ist aus technischen Gr\u00fcnden sowie zur Gew\u00e4hrleistung der Systemsicherheit und zur Fehlerbehebung erforderlich. Rechtsgrundlage f\u00fcr diese Datenverarbeitung ist unser berechtigtes Interesse an einem sicheren, stabilen und performanten Betrieb unserer Website. Aus diesen Daten lassen sich keine direkten R\u00fcckschl\u00fcsse auf Ihre Person ziehen.<\/p>\n\n\n\n<h4 class=\"wp-block-heading\">Cookies<\/h4>\n\n\n\n<p class=\"wp-block-paragraph\">Unsere Website verwendet Cookies. Dies sind kleine Textdateien, die auf Ihrem Endger\u00e4t gespeichert werden und die Ihr Browser speichert. Sie dienen dazu, unser Angebot nutzerfreundlicher, effektiver und sicherer zu machen.<\/p>\n\n\n\n<p class=\"wp-block-paragraph\">Wir verwenden haupts\u00e4chlich sogenannte \u00abSession-Cookies\u00bb, die nach Ende Ihres Besuchs automatisch gel\u00f6scht werden. Andere Cookies bleiben auf Ihrem Endger\u00e4t gespeichert, bis Sie diese l\u00f6schen. Diese Cookies erm\u00f6glichen es uns, Ihren Browser beim n\u00e4chsten Besuch wiederzuerkennen.<\/p>\n\n\n\n<p class=\"wp-block-paragraph\">WordPress.com setzt zudem technisch notwendige Cookies, um die grundlegende Funktionalit\u00e4t der Seite zu gew\u00e4hrleisten (z.B. f\u00fcr eingeloggte Benutzer oder Kommentatoren).<\/p>\n\n\n\n<p class=\"wp-block-paragraph\">Sie k\u00f6nnen Ihren Browser so einstellen, dass Sie \u00fcber das Setzen von Cookies informiert werden und Cookies nur im Einzelfall erlauben, die Annahme von Cookies f\u00fcr bestimmte F\u00e4lle oder generell ausschliessen sowie das automatische L\u00f6schen der Cookies beim Schliessen des Browsers aktivieren. Bei der Deaktivierung von Cookies kann die Funktionalit\u00e4t dieser Website eingeschr\u00e4nkt sein.<\/p>\n\n\n\n<h4 class=\"wp-block-heading\">Analyse mit Jetpack<\/h4>\n\n\n\n<p class=\"wp-block-paragraph\">Wir nutzen zur statistischen Auswertung der Besucherzugriffe das Analyse-Tool <strong>Jetpack<\/strong> (ehemals WordPress.com Stats), ebenfalls ein Dienst von <strong>Automattic Inc.<\/strong><\/p>\n\n\n\n<p class=\"wp-block-paragraph\">Jetpack verwendet Cookies, um eine Analyse der Benutzung der Website durch Sie zu erm\u00f6glichen. Die durch die Cookies erzeugten Informationen \u00fcber Ihre Benutzung dieses Internetangebotes werden auf Servern von Automattic in den USA gespeichert. Die IP-Adresse wird sofort nach der Verarbeitung und vor deren Speicherung anonymisiert.<\/p>\n\n\n\n<p class=\"wp-block-paragraph\">Jetpack erhebt dabei folgende Daten in pseudonymisierter Form:<\/p>\n\n\n\n<ul class=\"wp-block-list\">\n<li>Aufgerufene Beitr\u00e4ge und Seiten<\/li>\n\n\n\n<li>Klicks auf ausgehende Links<\/li>\n\n\n\n<li>Herkunfts-URLs und Suchmaschineneintr\u00e4ge<\/li>\n\n\n\n<li>Land des Besuchers<\/li>\n<\/ul>\n\n\n\n<p class=\"wp-block-paragraph\">Diese Daten dienen ausschliesslich der Analyse des Nutzerverhaltens und der Verbesserung unseres Angebots. Wir f\u00fchren diese Daten nicht mit anderen Datenquellen zusammen und erstellen keine pers\u00f6nlichen Nutzerprofile.<\/p>\n\n\n\n<p class=\"wp-block-paragraph\">Weitere Informationen finden Sie in der Datenschutzerkl\u00e4rung von Automattic: <a href=\"https:\/\/automattic.com\/privacy\/\">https:\/\/automattic.com\/privacy\/<\/a> sowie auf der Informationsseite zu Jetpack-Cookies: <a href=\"https:\/\/jetpack.com\/support\/cookies\/\">https:\/\/jetpack.com\/support\/cookies\/<\/a>.<\/p>\n\n\n\n<h4 class=\"wp-block-heading\">Verwendung von Google Analytics:<\/h4>\n\n\n\n<p class=\"wp-block-paragraph\">Diese Website verwendet Google Analytics 4 (GA4) der Google Ireland Limited zur Analyse der Website-Nutzung ausschliesslich auf Basis Ihrer Einwilligung (Art. 6 Abs. 1 lit. a DSGVO).<\/p>\n\n\n\n<p class=\"wp-block-paragraph\">Google Analytics erfasst nur nach Ihrer ausdr\u00fccklichen Zustimmung Daten \u00fcber Ihr Nutzerverhalten (Seitenaufrufe, Klicks, Sitzungsdauer, technische Informationen, ungef\u00e4hre Standortdaten). IP-Adressen werden nicht dauerhaft gespeichert. Die Daten werden pseudonymisiert und maximal 14 Monate gespeichert.<\/p>\n\n\n\n<p class=\"wp-block-paragraph\">Die Datenverarbeitung erfolgt teilweise auf Google-Servern in den USA. Google nimmt am EU-US Data Privacy Framework teil, wodurch ein angemessenes Datenschutzniveau gew\u00e4hrleistet wird.<\/p>\n\n\n\n<p class=\"wp-block-paragraph\">Ihre Wahlm\u00f6glichkeiten:<\/p>\n\n\n\n<ul class=\"wp-block-list\">\n<li>Sie k\u00f6nnen Ihre Einwilligung jederzeit \u00fcber unsere Cookie-Einstellungen widerrufen<\/li>\n\n\n\n<li>Alternativ k\u00f6nnen Sie der Datenerfassung durch Installation des Browser-Add-ons unter <a href=\"https:\/\/tools.google.com\/dlpage\/gaoptout\">https:\/\/tools.google.com\/dlpage\/gaoptout<\/a> widersprechen<\/li>\n\n\n\n<li>Ohne Ihre Einwilligung wird Google Analytics nicht aktiviert und es werden keine entsprechenden Daten erfasst<\/li>\n<\/ul>\n\n\n\n<p class=\"wp-block-paragraph\">Weitere Informationen finden Sie in der Datenschutzerkl\u00e4rung von Google: <a href=\"https:\/\/policies.google.com\/privacy\">https:\/\/policies.google.com\/privacy<\/a><\/p>\n\n\n\n<h4 class=\"wp-block-heading\">Nutzung der SalesViewer\u00ae-Technologie:<\/h4>\n\n\n\n<p class=\"wp-block-paragraph\">Auf dieser Webseite werden mit der SalesViewer\u00ae-Technologie der SalesViewer\u00ae GmbH auf Grundlage berechtigter Interessen des Webseitenbetreibers (Art. 6 Abs.1 lit.f DSGVO) Daten zu Marketing-, Marktforschungs- und Optimierungszwecken gesammelt und gespeichert.<\/p>\n\n\n\n<p class=\"wp-block-paragraph\">Hierzu wird ein javascript-basierter Code eingesetzt, der zur Erhebung unternehmensbezogener Daten und der entsprechenden Nutzung dient. Die mit dieser Technologie erhobenen Daten werden \u00fcber eine nicht r\u00fcckrechenbare Einwegfunktion (sog. Hashing) verschl\u00fcsselt. Die Daten werden unmittelbar pseudonymisiert und nicht dazu benutzt, den Besucher dieser Webseite pers\u00f6nlich zu identifizieren.<\/p>\n\n\n\n<p class=\"wp-block-paragraph\">Die im Rahmen von SalesViewer\u00ae gespeicherten Daten werden gel\u00f6scht, sobald sie f\u00fcr ihre Zweckbestimmung nicht mehr erforderlich sind und der L\u00f6schung keine gesetzlichen Aufbewahrungspflichten entgegenstehen.<\/p>\n\n\n\n<p class=\"wp-block-paragraph\">Der Datenerhebung und -speicherung kann jederzeit mit Wirkung f\u00fcr die Zukunft widersprochen werden, indem Sie bitte diesen Link <a href=\"https:\/\/www.salesviewer.com\/opt-out\" rel=\"nofollow\">https:\/\/www.salesviewer.com\/opt-out<\/a> anklicken, um die Erfassung durch SalesViewer\u00ae innerhalb dieser Webseite zuk\u00fcnftig zu verhindern. Dabei wird ein Opt-out-Cookie f\u00fcr diese Webseite auf Ihrem Ger\u00e4t abgelegt. L\u00f6schen Sie Ihre Cookies in diesem Browser, m\u00fcssen Sie diesen Link erneut anklicken.<\/p>\n\n\n\n<h3 class=\"wp-block-heading\">Direkte Datenerhebung<\/h3>\n\n\n\n<h4 class=\"wp-block-heading\">E-Mail und CRM-System (HubSpot)<\/h4>\n\n\n\n<p class=\"wp-block-paragraph\">Wenn Sie uns eine E-Mail senden oder \u00fcber ein Formular auf unserer Website kontaktieren, werden Ihre Angaben inklusive der von Ihnen bereitgestellten Kontaktdaten zwecks Bearbeitung der Anfrage und f\u00fcr den Fall von Anschlussfragen in unserem Customer-Relationship-Management (CRM) System gespeichert und verarbeitet.<\/p>\n\n\n\n<p class=\"wp-block-paragraph\">Hierf\u00fcr setzen wir den Dienst <strong>HubSpot<\/strong> der <strong>HubSpot Inc.<\/strong> (25 First Street, Cambridge, MA 02141 USA) ein. Die Nutzung von HubSpot erm\u00f6glicht es uns, Anfragen effizient zu verwalten und die Kommunikation mit Ihnen zu pflegen.<\/p>\n\n\n\n<p class=\"wp-block-paragraph\">Rechtsgrundlage f\u00fcr diese Verarbeitung ist die Erf\u00fcllung unserer (vor-)vertraglichen Leistungen oder unser berechtigtes Interesse an einer effizienten und professionellen Bearbeitung von Kontaktanfragen. Da die Kommunikation per E-Mail keine sichere Datenverbindung verwendet, verzichten Sie bitte auf die \u00dcbermittlung vertraulicher Informationen auf diesem Weg.<\/p>\n\n\n\n<p class=\"wp-block-paragraph\">N\u00e4here Informationen zum Datenschutz von HubSpot finden Sie hier: <a href=\"https:\/\/legal.hubspot.com\/de\/privacy-policy\">https:\/\/legal.hubspot.com\/de\/privacy-policy<\/a>.<\/p>\n\n\n\n<h4 class=\"wp-block-heading\">Werbezwecke Bestandskunden<\/h4>\n\n\n\n<p class=\"wp-block-paragraph\">Wir nutzen Ihre Personendaten auf Grundlage unseres berechtigten Interesses zudem f\u00fcr folgende Zwecke:<\/p>\n\n\n\n<ul class=\"wp-block-list\">\n<li>um die Kundenbeziehung mit Ihnen zu pflegen;<\/li>\n\n\n\n<li>um bestehende Gesch\u00e4ftskunden (Business to Business) gelegentlich \u00fcber bestimmte Fachthemen, Dienstleistungen oder Angebote zu informieren; und<\/li>\n\n\n\n<li>um Ihnen Produkte oder Serviceleistungen zu empfehlen, die Sie interessieren k\u00f6nnten.<\/li>\n<\/ul>\n\n\n\n<p class=\"wp-block-paragraph\">Sie k\u00f6nnen dieser Datenbearbeitung jederzeit widersprechen. Senden Sie Ihren Widerspruch bitte an folgende E-Mail-Adresse: <strong>datenschutz@diselva.com<\/strong> mit Betreff \u00abBitte um Stoppen der Datenbearbeitung Zwecks Werbung\u00bb.<\/p>\n\n\n\n<h4 class=\"wp-block-heading\">Erbringung vertraglicher Leistungen<\/h4>\n\n\n\n<p class=\"wp-block-paragraph\">Wir bearbeiten Personendaten zudem im jeweils erforderlichen Umfang, um Ihnen gegen\u00fcber unseren vertraglichen oder vorvertraglichen Leistungen zu erbringen sowie f\u00fcr die Durchf\u00fchrung weiterer von Ihnen angefragten Dienstleistungen. Die hierbei bearbeiteten Daten, die Art, der Umfang, der Zweck und die Erforderlichkeit ihrer Bearbeitung, bestimmen sich nach dem zugrundeliegenden Vertragsverh\u00e4ltnis.<\/p>\n\n\n\n<h3 class=\"wp-block-heading\">Social Media-Profile<\/h3>\n\n\n\n<p class=\"wp-block-paragraph\">Wir unterhalten Social Media-Profile, z.B. bei LinkedIn. Die von Ihnen auf unseren Social Media-Profilen eingegebenen Daten werden durch die Social Media-Plattform ver\u00f6ffentlicht und von uns zu keiner Zeit f\u00fcr andere Zwecke verwendet oder verarbeitet. Wir behalten uns aber vor, Inhalte zu l\u00f6schen, sofern dies erforderlich sein sollte. Allenfalls kommunizieren wir \u00fcber die Social Media Plattform mit Ihnen. Grundlage ist Ihr und unser berechtigtes Interesse, uns miteinander auf diesem Weg auszutauschen.<\/p>\n\n\n\n<p class=\"wp-block-paragraph\">Seien Sie sich bewusst, dass der Betreiber der Social Media-Plattform Webtrackingmethoden einsetzt. Genauere Angaben zur Datenverarbeitung durch den Anbieter der Social Media-Plattform finden Sie in der Datenschutzerkl\u00e4rung des jeweiligen Anbieters:<\/p>\n\n\n\n<ul class=\"wp-block-list\">\n<li>LinkedIn: <a href=\"https:\/\/www.linkedin.com\/legal\/privacy-policy?_l=de_DE\">https:\/\/www.linkedin.com\/legal\/privacy-policy?_l=de_DE<\/a><\/li>\n<\/ul>\n\n\n\n<h3 class=\"wp-block-heading\">Weitergabe an Dritte<\/h3>\n\n\n\n<p class=\"wp-block-paragraph\">Wir behandeln Ihre Personendaten grunds\u00e4tzlich vertraulich. Wir geben sie nur weiter, wenn Sie dem zugestimmt haben, wir rechtlich dazu verpflichtet sind oder dies zur Durchsetzung unserer Rechte erforderlich ist.<\/p>\n\n\n\n<p class=\"wp-block-paragraph\">Dar\u00fcber hinaus geben wir Ihre Personendaten an Dritte weiter, soweit dies im Rahmen der Nutzung der Webseite oder zur Erbringung der von Ihnen angeforderten Dienstleistungen erforderlich ist. Wesentliche Auftragsverarbeiter sind hierbei <strong>Automattic Inc.<\/strong> f\u00fcr das Hosting und die Analyse unserer Website sowie <strong>HubSpot Inc.<\/strong> f\u00fcr die Verwaltung unserer Kundenbeziehungen (CRM).<\/p>\n\n\n\n<p class=\"wp-block-paragraph\">Wenn das Datenschutzniveau in einem Land, in dem die Daten bearbeitet werden (z.B. den USA), nicht den anwendbaren Datenschutzbestimmungen entspricht, stellen wir vertraglich sicher, dass der Schutz Ihrer Personendaten demjenigen in der Schweiz bzw. der EU\/EWR jederzeit entspricht, beispielsweise durch den Einbezug der EU-Standardvertragsklauseln (SCCs).<\/p>\n\n\n\n<h3 class=\"wp-block-heading\">Speicherdauer<\/h3>\n\n\n\n<p class=\"wp-block-paragraph\">Wir bearbeiten und speichern Ihre Personendaten nur f\u00fcr den Zeitraum, der zur Erreichung des Speicherungszwecks erforderlich ist oder sofern dies in Gesetzen oder Vorschriften, welchen wir unterliegen, vorgesehen wurde. Entf\u00e4llt der Speicherungszweck oder l\u00e4uft eine vorgeschriebene Aufbewahrungsfrist ab, werden Ihre Daten routinem\u00e4ssig und entsprechend den gesetzlichen Vorschriften gesperrt oder gel\u00f6scht.<\/p>\n\n\n\n<h3 class=\"wp-block-heading\">Datensicherheit<\/h3>\n\n\n\n<p class=\"wp-block-paragraph\">Wir treffen technische und organisatorische Sicherheitsvorkehrungen, um Ihre Personendaten gegen Manipulationen, Verlust, Zerst\u00f6rung oder gegen den Zugriff unberechtigter Personen zu sch\u00fctzen und den Schutz Ihrer Rechte und die Einhaltung der anwendbaren datenschutzrechtlichen Bestimmungen zu gew\u00e4hrleisten. Unsere Datenbearbeitung und unsere Sicherheitsmassnahmen werden entsprechend der technologischen Entwicklung fortlaufend verbessert.<\/p>\n\n\n\n<h3 class=\"wp-block-heading\">Ihre Rechte<\/h3>\n\n\n\n<p class=\"wp-block-paragraph\">Sie haben jederzeit das Recht auf Auskunft, Berichtigung, L\u00f6schung, Einschr\u00e4nkung der Verarbeitung, Widerspruch sowie auf Daten\u00fcbertragung bez\u00fcglich Ihrer bei uns gespeicherten Daten. Sie haben zudem das Recht, eine Beschwerde bei einer Aufsichtsbeh\u00f6rde einzureichen.<\/p>\n\n\n\n<h3 class=\"wp-block-heading\">Kontakt<\/h3>\n\n\n\n<p class=\"wp-block-paragraph\">Ihr Vertrauen ist uns wichtig. Wenn Sie Fragen haben, die Ihnen diese Datenschutzerkl\u00e4rung nicht beantworten konnte, oder wenn Sie Ihre Rechte geltend machen m\u00f6chten, kontaktieren Sie uns bitte via E-Mail: <strong><a href=\"mailto:datenschutz@diselva.com\">datenschutz@diselva.com<\/a><\/strong>.<\/p>\n","protected":false},"excerpt":{"rendered":"<p>Stand: Juli 2025 Ihre Daten sind bei uns sicher aufgehoben Es ist selbstverst\u00e4ndlich f\u00fcr uns, dass wir mit Ihren Daten verantwortungsvoll umgehen und dabei alle einschl\u00e4gigen Bestimmungen des europ\u00e4ischen und Schweizer Datenschutzrechts ber\u00fccksichtigen. Personenbezogene Daten werden auf dieser Website nur im technisch notwendigen Umfang erhoben. In keinem Fall werden die erhobenen Daten verkauft oder aus [&hellip;]<\/p>\n","protected":false},"author":268896775,"featured_media":110821,"parent":0,"menu_order":0,"comment_status":"closed","ping_status":"closed","template":"","meta":{"_acf_changed":false,"_eb_attr":"","_crdt_document":"","advanced_seo_description":"","jetpack_seo_html_title":"","jetpack_seo_noindex":false,"footnotes":""},"folder":[1930],"class_list":["post-163","page","type-page","status-publish","has-post-thumbnail","hentry"],"blocksy_meta":[],"acf":[],"jetpack_sharing_enabled":true,"_links":{"self":[{"href":"https:\/\/diselva.com\/de\/wp-json\/wp\/v2\/pages\/163","targetHints":{"allow":["GET"]}}],"collection":[{"href":"https:\/\/diselva.com\/de\/wp-json\/wp\/v2\/pages"}],"about":[{"href":"https:\/\/diselva.com\/de\/wp-json\/wp\/v2\/types\/page"}],"author":[{"embeddable":true,"href":"https:\/\/diselva.com\/de\/wp-json\/wp\/v2\/users\/268896775"}],"replies":[{"embeddable":true,"href":"https:\/\/diselva.com\/de\/wp-json\/wp\/v2\/comments?post=163"}],"version-history":[{"count":21,"href":"https:\/\/diselva.com\/de\/wp-json\/wp\/v2\/pages\/163\/revisions"}],"predecessor-version":[{"id":114882,"href":"https:\/\/diselva.com\/de\/wp-json\/wp\/v2\/pages\/163\/revisions\/114882"}],"wp:featuredmedia":[{"embeddable":true,"href":"https:\/\/diselva.com\/de\/wp-json\/wp\/v2\/media\/110821"}],"wp:attachment":[{"href":"https:\/\/diselva.com\/de\/wp-json\/wp\/v2\/media?parent=163"}],"wp:term":[{"taxonomy":"folder","embeddable":true,"href":"https:\/\/diselva.com\/de\/wp-json\/wp\/v2\/folder?post=163"}],"curies":[{"name":"wp","href":"https:\/\/api.w.org\/{rel}","templated":true}]}}