{"id":115188,"date":"2025-12-12T08:32:00","date_gmt":"2025-12-12T07:32:00","guid":{"rendered":"https:\/\/diselva.com\/?page_id=115188"},"modified":"2025-12-16T11:03:36","modified_gmt":"2025-12-16T10:03:36","slug":"marketing-kommunikations-allrounderin","status":"publish","type":"page","link":"https:\/\/diselva.com\/en\/marketing-kommunikations-allrounderin\/","title":{"rendered":"Marketing &amp; Kommunikations Allrounder:in (30\u201350%)"},"content":{"rendered":"\n<div class=\"wp-block-group hero__subpages has-palette-color-7-background-color has-background is-layout-constrained wp-container-core-group-is-layout-65f142df wp-block-group-is-layout-constrained\" style=\"padding-top:0;padding-right:0;padding-bottom:0;padding-left:0\">\n<h1 class=\"wp-block-heading alignwide\">Marketing- &amp; Kommunikations-Allrounder:in (30\u201350%)<\/h1>\n\n\n\n<div class=\"wp-block-group alignwide is-content-justification-left is-layout-constrained wp-container-core-group-is-layout-aa397865 wp-block-group-is-layout-constrained\">\n<p class=\"has-palette-color-1-color has-text-color has-link-color has-x-large-font-size wp-elements-c780c9fff28775485ae784a19bcdae80 wp-block-paragraph\">Ort: <strong>St.Gallen<\/strong><br>Start: <strong>nach Vereinbarung, m\u00f6glichst sofort<\/strong><br>Pensum: <strong>30-50%<\/strong><\/p>\n<\/div>\n<\/div>\n\n\n\n<h3 class=\"wp-block-heading\">\u00dcber uns<\/h3>\n\n\n\n<p class=\"wp-block-paragraph\">diselva ist eine unabh\u00e4ngige IT- und Digitalberatungsboutique mit Sitz in St.Gallen.<br>Wir verbinden Technologie und Business, schaffen Klarheit in komplexen digitalen Transformationen und begleiten Organisationen von der Strategie bis zur Umsetzung.<br>Unsere Projekte sind so vielf\u00e4ltig wie unsere Kunden \u2013 von Strategieberatung \u00fcber B2B-Commerce bis Enterprise-Architektur.<\/p>\n\n\n\n<h3 class=\"wp-block-heading\">Unsere Kultur<\/h3>\n\n\n\n<p class=\"wp-block-paragraph\">Wir sind <strong>unabh\u00e4ngig<\/strong>, <strong>ehrlich <\/strong>und <strong>pragmatisch<\/strong>.<br>Wir sch\u00e4tzen <strong>Offenheit <\/strong>und <strong>wertsch\u00e4tzende Zusammenarbeit<\/strong>.<br>Wir sprechen <strong>Klartext<\/strong>, bleiben <strong>neugierig <\/strong>und lernen st\u00e4ndig dazu.<br>Wir glauben, dass <strong>exzellente Arbeit<\/strong> dort entsteht, wo <strong>Vertrauen<\/strong>, <strong>Freiraum <\/strong>und gemeinsames Denken aufeinandertreffen. Am liebsten in einer <strong>inspirierenden Arbeitsatmosph\u00e4re<\/strong> &#8211; unserem Office in <strong>St.Gallen<\/strong>.<\/p>\n\n\n\n<h3 class=\"wp-block-heading\">Deine Rolle<\/h3>\n\n\n\n<p class=\"wp-block-paragraph\">Du planst, koordinierst und realisierst alles, was das diselva-Markenbild st\u00e4rkt:<\/p>\n\n\n\n<ul class=\"wp-block-list\">\n<li>Entwicklung und Umsetzung der Marketingstrategie und Jahresplanung<\/li>\n\n\n\n<li>Du erz\u00e4hlst Geschichten, die h\u00e4ngen bleiben \u2013 in Content, Events und \u00fcber alle Kan\u00e4le hinweg<\/li>\n\n\n\n<li>Du hebst unsere digitale Pr\u00e4senz auf ein neues Level \u2013 von SEO \u00fcber SEA bis hin zu Social Media<\/li>\n\n\n\n<li>Du setzt fachliche Themen in kreative Kampagnen um, die Kunden, Partner und Entscheider gleichermassen beeindrucken<\/li>\n\n\n\n<li>Ausbau unserer Markenpr\u00e4senz in Zusammenarbeit mit unserer Branding Agentur<\/li>\n\n\n\n<li>Gestaltung visueller Inhalte: Social-Media-Grafiken, Pr\u00e4sentationen (bspw. PPT, Google Presentations), Visualisierung von komplexen Tech- &amp; Consulting-Themen<\/li>\n\n\n\n<li>Du hast keine Angst vor WordPress und Hubspot<\/li>\n\n\n\n<li>Du bist verantwortlich f\u00fcr die Entwicklung und Umsetzung von skalierbaren Marketingkampagnen sowie Demand-Generation-Programmen mit Fokus auf Lead-Generierung und Pipeline-Aufbau inkl. Eventkommunikation<\/li>\n<\/ul>\n\n\n\n<p class=\"wp-block-paragraph\"><strong>Kurz:<\/strong> Du bist Stratege:in und Macher:in in einem \u2013 inhaltlich stark, operativ, kreativ, hands-on und hast Freude daran, mit diselva etwas besonderes zu entwickeln.<\/p>\n\n\n\n<h3 class=\"wp-block-heading\">Das bringst du mit<\/h3>\n\n\n\n<ul class=\"wp-block-list\">\n<li>Eine Pers\u00f6nlichkeit mit <strong>akademischer<\/strong> <strong>Ausbildung <\/strong>(Universit\u00e4t oder Fachhochschule) und <strong>langj\u00e4hrige praktische Erfahrung<\/strong> im Marketing und Kommunikationsbereich<\/li>\n\n\n\n<li>Gesp\u00fcr f\u00fcr <strong>Design<\/strong>, <strong>Sprache<\/strong> und <strong>Storytelling<\/strong><\/li>\n\n\n\n<li><strong>Lernf\u00e4higkeit <\/strong>und <strong>Lernwilligkeit <\/strong>unser Business zu verstehen<\/li>\n\n\n\n<li>Freude und F\u00e4higkeit am <strong>Umsetzen<\/strong>, nicht nur am Konzipieren<\/li>\n\n\n\n<li>Selbstst\u00e4ndige, strukturierte und sympathische <strong>Pers\u00f6nlichkeit<\/strong><\/li>\n\n\n\n<li>Du hast eine ausgepr\u00e4gte <strong>Dienstleistungsmentalit\u00e4t<\/strong>, packst an, statt lange zu diskutieren \u2013 und lieferst Ergebnisse, die Freude machen..<\/li>\n<\/ul>\n\n\n\n<h3 class=\"wp-block-heading\">Wir bieten<\/h3>\n\n\n\n<ul class=\"wp-block-list\">\n<li>30\u201350% Stelle mit flexiblen Arbeitszeiten &#8211; ggfs. sogar im Company Sharing<\/li>\n\n\n\n<li>Verantwortung \u00fcbernehmen, von Anfang an und auf Augenh\u00f6he<\/li>\n\n\n\n<li>Dinge ausprobieren und umsetzen, statt nur dar\u00fcber zu reden<\/li>\n\n\n\n<li>Flexible Arbeitsmodelle nutzen \u2013 Office, remote, hybrid, konzentriert oder kreativ<\/li>\n\n\n\n<li>Mit Menschen arbeiten, die offen, ehrlich und konstruktiv sind<\/li>\n\n\n\n<li>Mitgestalten, wie Marketing, Kommunikation und Marke bei diselva aussehen und sich anf\u00fchlen<\/li>\n<\/ul>\n\n\n\n<p class=\"wp-block-paragraph\">Und das alles in einem Umfeld, das Freude bereitet, fordert, inspiriert \u2013 und indem Professionalit\u00e4t nicht im Widerspruch zu Humor steht.<\/p>\n\n\n\n<p class=\"wp-block-paragraph\"><strong>Bewerbungen an<\/strong><br>Jan Keller &#8211; <a href=\"mailto:jobs@diselva.com\">jobs@diselva.com<\/a><\/p>\n\n\n\n<p class=\"wp-block-paragraph\"><\/p>\n","protected":false},"excerpt":{"rendered":"<p>Marketing- &amp; Kommunikations-Allrounder:in (30\u201350%) Ort: St.GallenStart: nach Vereinbarung, m\u00f6glichst sofortPensum: 30-50% \u00dcber uns diselva ist eine unabh\u00e4ngige IT- und Digitalberatungsboutique mit Sitz in St.Gallen.Wir verbinden Technologie und Business, schaffen Klarheit in komplexen digitalen Transformationen und begleiten Organisationen von der Strategie bis zur Umsetzung.Unsere Projekte sind so vielf\u00e4ltig wie unsere Kunden \u2013 von Strategieberatung \u00fcber B2B-Commerce [&hellip;]<\/p>\n","protected":false},"author":268896778,"featured_media":110821,"parent":0,"menu_order":0,"comment_status":"closed","ping_status":"closed","template":"","meta":{"_acf_changed":false,"_eb_attr":"","_crdt_document":"","advanced_seo_description":"","jetpack_seo_html_title":"","jetpack_seo_noindex":false,"footnotes":""},"folder":[1952],"class_list":["post-115188","page","type-page","status-publish","has-post-thumbnail","hentry"],"blocksy_meta":{"has_hero_section":"disabled","hero_elements":[{"id":"custom_title","enabled":true,"heading_tag":"h1","title":"Home","__id":"RcFXRBnsYsc1WHaguNhLc"},{"id":"custom_description","enabled":true,"description_visibility":{"desktop":true,"tablet":true,"mobile":false},"__id":"AE7X65l0yHxQZLa5cnzWR"},{"id":"custom_meta","enabled":false,"meta_elements":[{"id":"author","enabled":true,"label":"By","has_author_avatar":"yes","avatar_size":25},{"id":"post_date","enabled":true,"label":"On","date_format_source":"default","date_format":"M j, Y"},{"id":"updated_date","enabled":false,"label":"On","date_format_source":"default","date_format":"M j, Y"},{"id":"categories","enabled":false,"label":"In","style":"simple"},{"id":"comments","enabled":true}],"page_meta_elements":{"joined":true,"articles_count":true,"comments":true},"__id":"HmnexEudQ0wGNTIm7em0d"},{"id":"breadcrumbs","enabled":false,"__id":"2mj465hWBgZAkvIR_KX0D"},{"id":"content-block","enabled":false,"__id":"A3t_vqcLQcEoWZP2Tbv3Y"}],"styles_descriptor":{"styles":{"desktop":"","tablet":"","mobile":""},"google_fonts":[],"version":6},"hero_section":"type-1"},"acf":[],"jetpack_sharing_enabled":true,"_links":{"self":[{"href":"https:\/\/diselva.com\/en\/wp-json\/wp\/v2\/pages\/115188","targetHints":{"allow":["GET"]}}],"collection":[{"href":"https:\/\/diselva.com\/en\/wp-json\/wp\/v2\/pages"}],"about":[{"href":"https:\/\/diselva.com\/en\/wp-json\/wp\/v2\/types\/page"}],"author":[{"embeddable":true,"href":"https:\/\/diselva.com\/en\/wp-json\/wp\/v2\/users\/268896778"}],"replies":[{"embeddable":true,"href":"https:\/\/diselva.com\/en\/wp-json\/wp\/v2\/comments?post=115188"}],"version-history":[{"count":23,"href":"https:\/\/diselva.com\/en\/wp-json\/wp\/v2\/pages\/115188\/revisions"}],"predecessor-version":[{"id":115230,"href":"https:\/\/diselva.com\/en\/wp-json\/wp\/v2\/pages\/115188\/revisions\/115230"}],"wp:featuredmedia":[{"embeddable":true,"href":"https:\/\/diselva.com\/en\/wp-json\/wp\/v2\/media\/110821"}],"wp:attachment":[{"href":"https:\/\/diselva.com\/en\/wp-json\/wp\/v2\/media?parent=115188"}],"wp:term":[{"taxonomy":"folder","embeddable":true,"href":"https:\/\/diselva.com\/en\/wp-json\/wp\/v2\/folder?post=115188"}],"curies":[{"name":"wp","href":"https:\/\/api.w.org\/{rel}","templated":true}]}}